{"id":35607,"date":"2016-11-15T14:57:14","date_gmt":"2016-11-15T16:57:14","guid":{"rendered":"http:\/\/www.secbotucatu.org.br\/site\/?page_id=35607"},"modified":"2018-07-03T09:08:44","modified_gmt":"2018-07-03T12:08:44","slug":"eventos","status":"publish","type":"page","link":"https:\/\/www.secbotucatu.org.br\/site\/eventos\/","title":{"rendered":"Not\u00edcias"},"content":{"rendered":"<div class=\"wpb-content-wrapper\"><p>[vc_row][vc_column]<div class=\"dt-shortcode with-isotope\"><div class=\"wf-container dt-portfolio-shortcode loading-effect-fade-in iso-container bg-under-post description-under-image content-align-left\" data-padding=\"20px\" data-cur-page=\"1\" data-posts-per-page=\"-1\" data-width=\"370px\" data-columns=\"3\">\n<div class=\"wf-cell iso-item\" data-post-id=\"48534\" data-date=\"2018-06-29T15:42:07-03:00\" data-name=\"Sincomerci\u00e1rios de Botucatu apoia com\u00e9dia teatral, no pr\u00f3ximo domingo (01\/07)\">\n<article class=\"post post-48534 dt_portfolio type-dt_portfolio status-publish hentry bg-on no-img\">\n\n\t<div class=\"project-list-media\">\n\t<figure class=\"buttons-on-img \">\n\t\t<a href=\"https:\/\/www.secbotucatu.org.br\/site\/project\/48534\/\" class=\"alignnone rollover layzr-bg\"  ><img loading=\"lazy\" decoding=\"async\" class=\"iso-lazy-load preload-me\" src=\"data:image\/svg+xml;charset=utf-8,%3Csvg xmlns%3D'http%3A%2F%2Fwww.w3.org%2F2000%2Fsvg' viewBox%3D'0 0 555 389'%2F%3E\" data-src=\"https:\/\/www.secbotucatu.org.br\/site\/wp-content\/themes\/dt-the7\/images\/noimage.jpg\" data-srcset=\"https:\/\/www.secbotucatu.org.br\/site\/wp-content\/themes\/dt-the7\/images\/noimage.jpg 555w\" alt=\"\" width=\"555\" height=\"389\"  \/><\/a>\t\t\t<\/figure>\n<\/div>\n<div class=\"project-list-content\">\n\t<h3 class=\"entry-title\"><a href=\"https:\/\/www.secbotucatu.org.br\/site\/project\/48534\/\" title=\"Sincomerci\u00e1rios de Botucatu apoia com\u00e9dia teatral, no pr\u00f3ximo domingo (01\/07)\" rel=\"bookmark\">Sincomerci\u00e1rios de Botucatu apoia com\u00e9dia teatral, no pr\u00f3ximo domingo (01\/07)<\/a><\/h3><\/div>\n<\/article>\n\n<\/div>\n<div class=\"wf-cell iso-item\" data-post-id=\"48523\" data-date=\"2018-06-28T16:57:57-03:00\" data-name=\"Sincomerci\u00e1rios de Botucatu (SP) ir\u00e1 sortear moto aos associados\">\n<article class=\"post post-48523 dt_portfolio type-dt_portfolio status-publish hentry bg-on no-img\">\n\n\t<div class=\"project-list-media\">\n\t<figure class=\"buttons-on-img \">\n\t\t<a href=\"https:\/\/www.secbotucatu.org.br\/site\/project\/sincomerciarios-de-botucatu-sp-ira-sortear-moto-aos-associados\/\" class=\"alignnone rollover layzr-bg\"  ><img loading=\"lazy\" decoding=\"async\" class=\"iso-lazy-load preload-me\" src=\"data:image\/svg+xml;charset=utf-8,%3Csvg xmlns%3D'http%3A%2F%2Fwww.w3.org%2F2000%2Fsvg' viewBox%3D'0 0 555 389'%2F%3E\" data-src=\"https:\/\/www.secbotucatu.org.br\/site\/wp-content\/themes\/dt-the7\/images\/noimage.jpg\" data-srcset=\"https:\/\/www.secbotucatu.org.br\/site\/wp-content\/themes\/dt-the7\/images\/noimage.jpg 555w\" alt=\"\" width=\"555\" height=\"389\"  \/><\/a>\t\t\t<\/figure>\n<\/div>\n<div class=\"project-list-content\">\n\t<h3 class=\"entry-title\"><a href=\"https:\/\/www.secbotucatu.org.br\/site\/project\/sincomerciarios-de-botucatu-sp-ira-sortear-moto-aos-associados\/\" title=\"Sincomerci\u00e1rios de Botucatu (SP) ir\u00e1 sortear moto aos associados\" rel=\"bookmark\">Sincomerci\u00e1rios de Botucatu (SP) ir\u00e1 sortear moto aos associados<\/a><\/h3><\/div>\n<\/article>\n\n<\/div><\/div><\/div>[\/vc_column][\/vc_row]<\/p>\n<\/div>","protected":false},"excerpt":{"rendered":"<p>[vc_row][vc_column][\/vc_column][\/vc_row]<\/p>\n","protected":false},"author":1,"featured_media":0,"parent":0,"menu_order":0,"comment_status":"closed","ping_status":"closed","template":"","meta":[],"class_list":["post-35607","page","type-page","status-publish","hentry","description-off"],"_links":{"self":[{"href":"https:\/\/www.secbotucatu.org.br\/site\/wp-json\/wp\/v2\/pages\/35607","targetHints":{"allow":["GET"]}}],"collection":[{"href":"https:\/\/www.secbotucatu.org.br\/site\/wp-json\/wp\/v2\/pages"}],"about":[{"href":"https:\/\/www.secbotucatu.org.br\/site\/wp-json\/wp\/v2\/types\/page"}],"author":[{"embeddable":true,"href":"https:\/\/www.secbotucatu.org.br\/site\/wp-json\/wp\/v2\/users\/1"}],"replies":[{"embeddable":true,"href":"https:\/\/www.secbotucatu.org.br\/site\/wp-json\/wp\/v2\/comments?post=35607"}],"version-history":[{"count":6,"href":"https:\/\/www.secbotucatu.org.br\/site\/wp-json\/wp\/v2\/pages\/35607\/revisions"}],"predecessor-version":[{"id":48543,"href":"https:\/\/www.secbotucatu.org.br\/site\/wp-json\/wp\/v2\/pages\/35607\/revisions\/48543"}],"wp:attachment":[{"href":"https:\/\/www.secbotucatu.org.br\/site\/wp-json\/wp\/v2\/media?parent=35607"}],"curies":[{"name":"wp","href":"https:\/\/api.w.org\/{rel}","templated":true}]}}