{"id":48606,"date":"2024-01-24T09:13:44","date_gmt":"2024-01-24T12:13:44","guid":{"rendered":"http:\/\/www.secbotucatu.org.br\/site\/?page_id=48606"},"modified":"2024-02-06T14:05:12","modified_gmt":"2024-02-06T17:05:12","slug":"guia-assistencial","status":"publish","type":"page","link":"https:\/\/www.secbotucatu.org.br\/site\/guia-assistencial\/","title":{"rendered":"Guia Assistencial"},"content":{"rendered":"<p><strong>Impress\u00e3o &#8211; Guia Assistencial<\/strong><\/p>\n<p><strong>INSTRU\u00c7\u00d5ES PARA GERA\u00c7\u00c3O VIA \u201cWEB-BOLETO\u201d\u00a0<\/strong><\/p>\n<ol>\n<li>Acessar o link: <strong><a href=\"http:\/\/www.scarpellitecnologia.com.br\/secbotucatusp\" target=\"_blank\" rel=\"noopener noreferrer\">Preenchimento\/Impress\u00e3o de Guias;<\/a><\/strong><\/li>\n<li>Selecione o Sindicato e clique em prosseguir;<\/li>\n<li>Digite o CNPJ da empresa, clique em consultar, confira os dados da empresa e da contabilidade, se algum dado estiver incorreto, favor entrar em contato conosco;<\/li>\n<li>Abaixo aparecer\u00e1 o campo para editar o boleto, clique em\u00a0<strong>EDITAR\u00a0<\/strong>do lado esquerdo e preencha os campos n\u00ba de funcion\u00e1rios e valor;<\/li>\n<li>Clique em confirmar do lado esquerdo, os dados estando corretos, aparecer\u00e1 \u00e1 op\u00e7\u00e3o <strong>GERAR\u00a0<\/strong>boleto;<\/li>\n<li>Ao gerar o boleto os dados n\u00e3o poder\u00e3o ser alterados, se caso precisar alterar, entrar em contato conosco;<\/li>\n<li>Clicar em\u00a0<strong>IMPRIMIR,<\/strong> o boleto ser\u00e1 impresso em formato PDF;<\/li>\n<li>Solicitamos a gentileza de nos informar a situa\u00e7\u00e3o da empresa caso baixada, se est\u00e1 sem funcion\u00e1rios, para inativa\u00e7\u00e3o da mesma no sistema sem gerar as guias indevidamente.<\/li>\n<\/ol>\n<p><strong>Setor de Arrecada\u00e7\u00e3o Jackeline &#8211; \u00a0<\/strong><a href=\"mailto:arrecadacao@secbotucatu.org.br\"><strong>arrecadacao@secbotucatu.org.br<\/strong><\/a><\/p>\n<p><strong>Telefone: (14) 3811-6600<\/strong><\/p>\n","protected":false},"excerpt":{"rendered":"<p>Impress\u00e3o &#8211; Guia Assistencial INSTRU\u00c7\u00d5ES PARA GERA\u00c7\u00c3O VIA \u201cWEB-BOLETO\u201d\u00a0 Acessar o link: Preenchimento\/Impress\u00e3o de Guias; Selecione o Sindicato e clique em prosseguir; Digite o CNPJ da empresa, clique em consultar, confira os dados da empresa e da contabilidade, se algum dado estiver incorreto, favor entrar em contato conosco; Abaixo aparecer\u00e1 o campo para editar o&hellip;<\/p>\n","protected":false},"author":1,"featured_media":0,"parent":0,"menu_order":0,"comment_status":"closed","ping_status":"closed","template":"","meta":[],"class_list":["post-48606","page","type-page","status-publish","hentry","description-off"],"_links":{"self":[{"href":"https:\/\/www.secbotucatu.org.br\/site\/wp-json\/wp\/v2\/pages\/48606","targetHints":{"allow":["GET"]}}],"collection":[{"href":"https:\/\/www.secbotucatu.org.br\/site\/wp-json\/wp\/v2\/pages"}],"about":[{"href":"https:\/\/www.secbotucatu.org.br\/site\/wp-json\/wp\/v2\/types\/page"}],"author":[{"embeddable":true,"href":"https:\/\/www.secbotucatu.org.br\/site\/wp-json\/wp\/v2\/users\/1"}],"replies":[{"embeddable":true,"href":"https:\/\/www.secbotucatu.org.br\/site\/wp-json\/wp\/v2\/comments?post=48606"}],"version-history":[{"count":8,"href":"https:\/\/www.secbotucatu.org.br\/site\/wp-json\/wp\/v2\/pages\/48606\/revisions"}],"predecessor-version":[{"id":48647,"href":"https:\/\/www.secbotucatu.org.br\/site\/wp-json\/wp\/v2\/pages\/48606\/revisions\/48647"}],"wp:attachment":[{"href":"https:\/\/www.secbotucatu.org.br\/site\/wp-json\/wp\/v2\/media?parent=48606"}],"curies":[{"name":"wp","href":"https:\/\/api.w.org\/{rel}","templated":true}]}}