{"id":48626,"date":"2024-02-03T12:08:21","date_gmt":"2024-02-03T15:08:21","guid":{"rendered":"http:\/\/www.secbotucatu.org.br\/site\/?page_id=48626"},"modified":"2025-11-17T11:50:10","modified_gmt":"2025-11-17T14:50:10","slug":"convencao-coletiva-de-trabalho","status":"publish","type":"page","link":"https:\/\/www.secbotucatu.org.br\/site\/convencao-coletiva-de-trabalho\/","title":{"rendered":"Conven\u00e7\u00e3o Coletiva de Trabalho"},"content":{"rendered":"<div class=\"wpb-content-wrapper\"><p>[vc_row][vc_column][vc_column_text]Abaixo voc\u00ea poder\u00e1 baixar as respectivas Conven\u00e7\u00f5es Coletivas de Trabalho conforme segmenta\u00e7\u00e3o.[\/vc_column_text][vc_btn title=&#8221;Botucatu&#8221; css=&#8221;&#8221; link=&#8221;url:http%3A%2F%2Fwww.secbotucatu.org.br%2Fsite%2Fwp-content%2Fuploads%2F2025%2F11%2FCCT-2025-2026-BTU.pdf|target:_blank&#8221;][vc_btn title=&#8221;Laranjal Paulista&#8221; css=&#8221;&#8221; link=&#8221;url:http%3A%2F%2Fwww.secbotucatu.org.br%2Fsite%2Fwp-content%2Fuploads%2F2025%2F11%2FCCT-Laranjal-Paulista-2025-2026.pdf|target:_blank&#8221;][vc_btn title=&#8221;Atacado&#8221; css=&#8221;&#8221; link=&#8221;url:http%3A%2F%2Fwww.secbotucatu.org.br%2Fsite%2Fwp-content%2Fuploads%2F2025%2F11%2FCCT-SAGASP-SCAF-2025-2026.pdf|target:_blank&#8221;][vc_btn title=&#8221;Concession\u00e1rias&#8221; css=&#8221;&#8221; link=&#8221;url:http%3A%2F%2Fwww.secbotucatu.org.br%2Fsite%2Fwp-content%2Fuploads%2F2025%2F11%2Ffederacao-e-sincodiv-2025-2026.pdf|target:_blank&#8221;][\/vc_column][\/vc_row]<\/p>\n<\/div>","protected":false},"excerpt":{"rendered":"<p>[vc_row][vc_column][vc_column_text]Abaixo voc\u00ea poder\u00e1 baixar as respectivas Conven\u00e7\u00f5es Coletivas de Trabalho conforme segmenta\u00e7\u00e3o.[\/vc_column_text][vc_btn title=&#8221;Botucatu&#8221; css=&#8221;&#8221; link=&#8221;url:http%3A%2F%2Fwww.secbotucatu.org.br%2Fsite%2Fwp-content%2Fuploads%2F2025%2F11%2FCCT-2025-2026-BTU.pdf|target:_blank&#8221;][vc_btn title=&#8221;Laranjal Paulista&#8221; css=&#8221;&#8221; link=&#8221;url:http%3A%2F%2Fwww.secbotucatu.org.br%2Fsite%2Fwp-content%2Fuploads%2F2025%2F11%2FCCT-Laranjal-Paulista-2025-2026.pdf|target:_blank&#8221;][vc_btn title=&#8221;Atacado&#8221; css=&#8221;&#8221; link=&#8221;url:http%3A%2F%2Fwww.secbotucatu.org.br%2Fsite%2Fwp-content%2Fuploads%2F2025%2F11%2FCCT-SAGASP-SCAF-2025-2026.pdf|target:_blank&#8221;][vc_btn title=&#8221;Concession\u00e1rias&#8221; css=&#8221;&#8221; link=&#8221;url:http%3A%2F%2Fwww.secbotucatu.org.br%2Fsite%2Fwp-content%2Fuploads%2F2025%2F11%2Ffederacao-e-sincodiv-2025-2026.pdf|target:_blank&#8221;][\/vc_column][\/vc_row]<\/p>\n","protected":false},"author":1,"featured_media":0,"parent":0,"menu_order":0,"comment_status":"closed","ping_status":"closed","template":"","meta":[],"class_list":["post-48626","page","type-page","status-publish","hentry","description-off"],"_links":{"self":[{"href":"https:\/\/www.secbotucatu.org.br\/site\/wp-json\/wp\/v2\/pages\/48626","targetHints":{"allow":["GET"]}}],"collection":[{"href":"https:\/\/www.secbotucatu.org.br\/site\/wp-json\/wp\/v2\/pages"}],"about":[{"href":"https:\/\/www.secbotucatu.org.br\/site\/wp-json\/wp\/v2\/types\/page"}],"author":[{"embeddable":true,"href":"https:\/\/www.secbotucatu.org.br\/site\/wp-json\/wp\/v2\/users\/1"}],"replies":[{"embeddable":true,"href":"https:\/\/www.secbotucatu.org.br\/site\/wp-json\/wp\/v2\/comments?post=48626"}],"version-history":[{"count":13,"href":"https:\/\/www.secbotucatu.org.br\/site\/wp-json\/wp\/v2\/pages\/48626\/revisions"}],"predecessor-version":[{"id":48722,"href":"https:\/\/www.secbotucatu.org.br\/site\/wp-json\/wp\/v2\/pages\/48626\/revisions\/48722"}],"wp:attachment":[{"href":"https:\/\/www.secbotucatu.org.br\/site\/wp-json\/wp\/v2\/media?parent=48626"}],"curies":[{"name":"wp","href":"https:\/\/api.w.org\/{rel}","templated":true}]}}